{"id":1076,"date":"2014-05-11T10:40:14","date_gmt":"2014-05-11T08:40:14","guid":{"rendered":"http:\/\/posicuarta.org\/cartasblog\/?page_id=1076"},"modified":"2014-06-02T11:50:07","modified_gmt":"2014-06-02T09:50:07","slug":"elecciones-europeas-25-de-mayo-de-2014","status":"publish","type":"page","link":"http:\/\/posicuarta.org\/cartasblog\/elecciones-europeas-25-de-mayo-de-2014\/","title":{"rendered":"Elecciones europeas &#8211; 25 de mayo de 2014"},"content":{"rendered":"<ul>\n<li>\n<h4 style=\"text-align: justify;\"><a href=\"http:\/\/posicuarta.org\/cartasblog\/?p=1154\"><em>Declaraci\u00f3n de la coalici\u00f3n RRUE tras la celebraci\u00f3n de las elecciones europeas del 25 de mayo<\/em><\/a>\u00a0 &#8211; Para impresi\u00f3n <a href=\"http:\/\/www.posicuarta.org\/pdf\/DeclaraRRUE_20140527.pdf\" target=\"_blank\">formato PDF<\/a> &#8211; 82 Kb.<\/h4>\n<\/li>\n<li>\n<h4 style=\"text-align: justify;\"><a href=\"http:\/\/posicuarta.org\/cartasblog\/?p=1142\"><em>Declaraci\u00f3n del Secretariado del POSI tras la celebraci\u00f3n de las elecciones europeas del 25 de mayo<\/em><\/a><\/h4>\n<\/li>\n<\/ul>\n<p style=\"text-align: justify;\"><a href=\"http:\/\/posicuarta.org\/cartasblog\/wp-content\/uploads\/2014\/05\/CabeceraRRUE.jpg\"><img loading=\"lazy\" decoding=\"async\" class=\"alignleft  wp-image-1080\" alt=\"CabeceraRRUE\" src=\"http:\/\/posicuarta.org\/cartasblog\/wp-content\/uploads\/2014\/05\/CabeceraRRUE.jpg\" width=\"223\" height=\"71\" srcset=\"http:\/\/posicuarta.org\/cartasblog\/wp-content\/uploads\/2014\/05\/CabeceraRRUE.jpg 620w, http:\/\/posicuarta.org\/cartasblog\/wp-content\/uploads\/2014\/05\/CabeceraRRUE-150x47.jpg 150w, http:\/\/posicuarta.org\/cartasblog\/wp-content\/uploads\/2014\/05\/CabeceraRRUE-300x95.jpg 300w\" sizes=\"auto, (max-width: 223px) 100vw, 223px\" \/><\/a>La coalici\u00f3n <span style=\"color: #ff0000;\"><strong>\u00abPor la Rep\u00fablica, por la ruptura con la Uni\u00f3n Europea\u00bb (RRUE)<\/strong><\/span> presenta su candidatura en la Elecciones Europeas del 25 de mayo.<\/p>\n<p style=\"text-align: justify;\">Adem\u00e1s del POSI, integran esta coalici\u00f3n, Iniciativa Socialista de Izquierdas (ISA), Asociaci\u00f3n Socialista Independiente de Aznalk\u00e1zar (ASIAZ), Plataforma Democr\u00e1tica Municipal (PDM), Trabajadores y J\u00f3venes por la Democracia de Baleares, y trabajadores y j\u00f3venes independientes.<\/p>\n<p style=\"text-align: justify;\">Esta candidatura se presenta sin ninguna ilusi\u00f3n en este Parlamento o en las instituciones de la Uni\u00f3n Europea. <strong>Esta candidatura busca la unidad de los Trabajadores y sus organizaciones para hacer frente a los dictados de la Uni\u00f3n Europea y del FMI. Para romper con estas instituciones del gran capital y abrir camino a una uni\u00f3n libre de pueblos y naciones de Europa liberados de la opresi\u00f3n y la explotaci\u00f3n.<\/strong><\/p>\n<p style=\"text-align: justify;\">No creemos que sea posible reformar la Uni\u00f3n Europea, pues fue creada para favorecer la explotaci\u00f3n. Todos sus tratados se ocupan de ello y son irreformables desde el punto de vista democr\u00e1tico. Todo est\u00e1 hecho para que nadie se salga del redil y para que nadie pueda hacer otra pol\u00edtica.<\/p>\n<p style=\"text-align: justify;\">No hay lugar para los pueblos y sus aspiraciones en este entramado dictatorial. Nada pueden sacar de ah\u00ed los trabajadores, que cada d\u00eda sienten c\u00f3mo son golpeados por las instituciones que dictan a los gobiernos las pol\u00edticas de recortes y austeridad. Todo se resume en una frase lapidaria: facilitar la competencia. Acabar con lo p\u00fablico.<\/p>\n<p style=\"text-align: justify;\"><strong>Esta candidatura se define abiertamente por la ruptura con la Uni\u00f3n Europea.<\/strong><\/p>\n<ul>\n<li><a title=\"Manifiesto de la coalici\u00f3n por la Rep\u00fablica,  por la ruptura con la Uni\u00f3n Europea\" href=\"http:\/\/posicuarta.org\/cartasblog\/manifiesto-de-la-coalicion-por-la-republica-por-la-ruptura-con-la-union-europea\/\" target=\"_blank\">Manifiesto de la coalici\u00f3n<\/a><\/li>\n<li><a href=\"http:\/\/www.posicuarta.org\/pdf\/ManifiestoRRUE.pdf\" target=\"_blank\">Manifiesto en PDF<\/a> (983 kb.)<\/li>\n<li><a href=\"http:\/\/www.posicuarta.org\/pdf\/CartelRRUE.pdf\" target=\"_blank\">Cartel de la coalici\u00f3n<\/a> (561 kb.)<\/li>\n<\/ul>\n<ul>\n<li><a href=\"http:\/\/www.posicuarta.org\/mp3\/Entrevista-radioJB.mp3\" target=\"_blank\">Entrevista de radio\u00a0 a Jes\u00fas Bejar &#8211; Onda San Clemente<\/a> (16,8 Mb.)<\/li>\n<\/ul>\n<h3>Calendario de actos<\/h3>\n<ul>\n<li><strong>Mie\u0301rcoles 14 de mayo a las 18:30 horas en Getafe<\/strong><br \/>\n<address>Direcci\u00f3n: <a href=\"http:\/\/goo.gl\/maps\/woyfd\" target=\"_blank\">Centro c\u00edvico de San Isidro, calle Leoncio Rojas 18<\/a><\/address>\n<p>(<a title=\"Cartel acto Getafe 14 de mayo\" href=\"http:\/\/www.posicuarta.org\/pdf\/CartelRRUE_Getafe14mayo.pdf\" target=\"_blank\">cartel PDF<\/a>)<\/li>\n<li><strong>Martes 20 de mayo a las 18:00 horas en Barcelona<\/strong><br \/>\n<address>Direcci\u00f3n: <a href=\"https:\/\/goo.gl\/maps\/b4K1I\" target=\"_blank\">Cotxeres de Sants<\/a><\/address>\n<\/li>\n<li><strong>Martes 20 de mayo a las 19:00 horas en Onda (Castell\u00f3n)<\/strong><br \/>\n<address>Direcci\u00f3n: <a href=\"https:\/\/goo.gl\/maps\/WNk0X\" target=\"_blank\">Sala La Cassola, calle Balmes 2<\/a><\/address>\n<p>(<a title=\"Cartel acto Onda 20 de mayo\" href=\"http:\/\/www.posicuarta.org\/pdf\/CartelRRUE_Onda20mayo.pdf\" target=\"_blank\">cartel PDF<\/a>)<\/li>\n<li><strong>Martes 20 de mayo a las 20:00 horas en Alcal\u00e1 de Guadaira (Sevilla)<\/strong><br \/>\n<address>Direcci\u00f3n: Centro c\u00edvico polivalente distrito norte<\/address>\n<\/li>\n<li><strong>Mi\u00e9rcoles 21 de mayo a las 19:00 horas en Getafe<\/strong><br \/>\n<address>Direcci\u00f3n: <a href=\"http:\/\/goo.gl\/maps\/mLFZe\" target=\"_blank\">Centro c\u00edvico BuenaVista (sector III), avenida Arcas del Agua (s\/n)<\/a><\/address>\n<p>(<a href=\"http:\/\/www.posicuarta.org\/pdf\/CartelRRUE_Getafe21mayo.pdf\" target=\"_blank\">cartel PDF<\/a>)<\/li>\n<li><strong>Mi\u00e9rcoles 21 de mayo a las 19:00 horas en Valencia<\/strong><br \/>\n<address>Direcci\u00f3n: <a href=\"https:\/\/goo.gl\/maps\/PBEYF\" target=\"_blank\">Asociaci\u00f3n de vecinos \u00abTres Forques\u00bb, calle Tres Forques 98<\/a><\/address>\n<\/li>\n<li><strong>Jueves 22 de mayo a las 19:00 horas en Vilareal (Castell\u00f3n)<\/strong><br \/>\n<address>Direcci\u00f3n: <a href=\"https:\/\/goo.gl\/maps\/4tiz6\" target=\"_blank\">Centre Social, calle Jos\u00e9 R. Batalla 36<\/a><\/address>\n<p>(<a href=\"http:\/\/www.posicuarta.org\/pdf\/CartelRRUE_Vilareal22mayo.pdf\" target=\"_blank\">cartel PDF<\/a>)<\/li>\n<li><strong>Jueves 22 de mayo a las 20:00 horas en Sevilla<\/strong><br \/>\n<address>Direcci\u00f3n: <a href=\"https:\/\/goo.gl\/maps\/oJpRz\" target=\"_blank\">Centro c\u00edvico Tejar del Mellizo<\/a><\/address>\n<\/li>\n<li><strong>Viernes 23 de mayo a las 19:00 horas en Madrid<\/strong><br \/>\n<address>Direcci\u00f3n: <a href=\"http:\/\/goo.gl\/maps\/YpZLe\" target=\"_blank\">Col\u00e9gio p\u00fablico La Paloma, calle Tabernillas 2 (junto a Carrera de San Francisco en Latina)<\/a><\/address>\n<p>(<a href=\"http:\/\/www.posicuarta.org\/pdf\/CartelRRUE_Madrid23mayo.pdf\" target=\"_blank\">cartel PDF<\/a>)<\/li>\n<\/ul>\n<h3>Audiovisuales de la coalici\u00f3n<\/h3>\n<p><iframe loading=\"lazy\"  id=\"_ytid_75920\"  width=\"250\" height=\"175\"  data-origwidth=\"250\" data-origheight=\"175\" src=\"https:\/\/www.youtube.com\/embed\/OajBxuJmTjU?enablejsapi=1&#038;autoplay=0&#038;cc_load_policy=0&#038;cc_lang_pref=&#038;iv_load_policy=3&#038;loop=0&#038;rel=0&#038;fs=1&#038;playsinline=0&#038;autohide=2&#038;theme=light&#038;color=red&#038;controls=1&#038;disablekb=0&#038;\" class=\"__youtube_prefs__  epyt-is-override  no-lazyload\" title=\"YouTube player\"  allow=\"fullscreen; accelerometer; autoplay; clipboard-write; encrypted-media; gyroscope; picture-in-picture; web-share\" referrerpolicy=\"strict-origin-when-cross-origin\" allowfullscreen data-no-lazy=\"1\" data-skipgform_ajax_framebjll=\"\"><\/iframe><br \/>\n<iframe loading=\"lazy\"  id=\"_ytid_66018\"  width=\"250\" height=\"175\"  data-origwidth=\"250\" data-origheight=\"175\" src=\"https:\/\/www.youtube.com\/embed\/m6nQhp_gQOY?enablejsapi=1&#038;autoplay=0&#038;cc_load_policy=0&#038;cc_lang_pref=&#038;iv_load_policy=3&#038;loop=0&#038;rel=0&#038;fs=1&#038;playsinline=0&#038;autohide=2&#038;theme=light&#038;color=red&#038;controls=1&#038;disablekb=0&#038;\" class=\"__youtube_prefs__  epyt-is-override  no-lazyload\" title=\"YouTube player\"  allow=\"fullscreen; accelerometer; autoplay; clipboard-write; encrypted-media; gyroscope; picture-in-picture; web-share\" referrerpolicy=\"strict-origin-when-cross-origin\" allowfullscreen data-no-lazy=\"1\" data-skipgform_ajax_framebjll=\"\"><\/iframe><br \/>\n<iframe loading=\"lazy\"  id=\"_ytid_55625\"  width=\"250\" height=\"175\"  data-origwidth=\"250\" data-origheight=\"175\" src=\"https:\/\/www.youtube.com\/embed\/-ZQAVrdHRLk?enablejsapi=1&#038;autoplay=0&#038;cc_load_policy=0&#038;cc_lang_pref=&#038;iv_load_policy=3&#038;loop=0&#038;rel=0&#038;fs=1&#038;playsinline=0&#038;autohide=2&#038;theme=light&#038;color=red&#038;controls=1&#038;disablekb=0&#038;\" class=\"__youtube_prefs__  epyt-is-override  no-lazyload\" title=\"YouTube player\"  allow=\"fullscreen; accelerometer; autoplay; clipboard-write; encrypted-media; gyroscope; picture-in-picture; web-share\" referrerpolicy=\"strict-origin-when-cross-origin\" allowfullscreen data-no-lazy=\"1\" data-skipgform_ajax_framebjll=\"\"><\/iframe><br \/>\n<iframe loading=\"lazy\"  id=\"_ytid_29629\"  width=\"250\" height=\"175\"  data-origwidth=\"250\" data-origheight=\"175\" src=\"https:\/\/www.youtube.com\/embed\/Itcxn0vj6zE?enablejsapi=1&#038;autoplay=0&#038;cc_load_policy=0&#038;cc_lang_pref=&#038;iv_load_policy=3&#038;loop=0&#038;rel=0&#038;fs=1&#038;playsinline=0&#038;autohide=2&#038;theme=light&#038;color=red&#038;controls=1&#038;disablekb=0&#038;\" class=\"__youtube_prefs__  epyt-is-override  no-lazyload\" title=\"YouTube player\"  allow=\"fullscreen; accelerometer; autoplay; clipboard-write; encrypted-media; gyroscope; picture-in-picture; web-share\" referrerpolicy=\"strict-origin-when-cross-origin\" allowfullscreen data-no-lazy=\"1\" data-skipgform_ajax_framebjll=\"\"><\/iframe><br \/>\n<iframe loading=\"lazy\"  id=\"_ytid_60879\"  width=\"250\" height=\"175\"  data-origwidth=\"250\" data-origheight=\"175\" src=\"https:\/\/www.youtube.com\/embed\/ErtwcQNpSPA?enablejsapi=1&#038;autoplay=0&#038;cc_load_policy=0&#038;cc_lang_pref=&#038;iv_load_policy=3&#038;loop=0&#038;rel=0&#038;fs=1&#038;playsinline=0&#038;autohide=2&#038;theme=light&#038;color=red&#038;controls=1&#038;disablekb=0&#038;\" class=\"__youtube_prefs__  epyt-is-override  no-lazyload\" title=\"YouTube player\"  allow=\"fullscreen; accelerometer; autoplay; clipboard-write; encrypted-media; gyroscope; picture-in-picture; web-share\" referrerpolicy=\"strict-origin-when-cross-origin\" allowfullscreen data-no-lazy=\"1\" data-skipgform_ajax_framebjll=\"\"><\/iframe><br \/>\n<iframe loading=\"lazy\"  id=\"_ytid_77799\"  width=\"250\" height=\"175\"  data-origwidth=\"250\" data-origheight=\"175\" src=\"https:\/\/www.youtube.com\/embed\/Q95ZTmxb3Gs?enablejsapi=1&#038;autoplay=0&#038;cc_load_policy=0&#038;cc_lang_pref=&#038;iv_load_policy=3&#038;loop=0&#038;rel=0&#038;fs=1&#038;playsinline=0&#038;autohide=2&#038;theme=light&#038;color=red&#038;controls=1&#038;disablekb=0&#038;\" class=\"__youtube_prefs__  epyt-is-override  no-lazyload\" title=\"YouTube player\"  allow=\"fullscreen; accelerometer; autoplay; clipboard-write; encrypted-media; gyroscope; picture-in-picture; web-share\" referrerpolicy=\"strict-origin-when-cross-origin\" allowfullscreen data-no-lazy=\"1\" data-skipgform_ajax_framebjll=\"\"><\/iframe><br \/>\n<iframe loading=\"lazy\"  id=\"_ytid_45534\"  width=\"250\" height=\"175\"  data-origwidth=\"250\" data-origheight=\"175\" src=\"https:\/\/www.youtube.com\/embed\/MQm8NrzvkSQ?enablejsapi=1&#038;autoplay=0&#038;cc_load_policy=0&#038;cc_lang_pref=&#038;iv_load_policy=3&#038;loop=0&#038;rel=0&#038;fs=1&#038;playsinline=0&#038;autohide=2&#038;theme=light&#038;color=red&#038;controls=1&#038;disablekb=0&#038;\" class=\"__youtube_prefs__  epyt-is-override  no-lazyload\" title=\"YouTube player\"  allow=\"fullscreen; accelerometer; autoplay; clipboard-write; encrypted-media; gyroscope; picture-in-picture; web-share\" referrerpolicy=\"strict-origin-when-cross-origin\" allowfullscreen data-no-lazy=\"1\" data-skipgform_ajax_framebjll=\"\"><\/iframe><br \/>\n<iframe loading=\"lazy\"  id=\"_ytid_45832\"  width=\"250\" height=\"175\"  data-origwidth=\"250\" data-origheight=\"175\" src=\"https:\/\/www.youtube.com\/embed\/DL79rnOunDc?enablejsapi=1&#038;autoplay=0&#038;cc_load_policy=0&#038;cc_lang_pref=&#038;iv_load_policy=3&#038;loop=0&#038;rel=0&#038;fs=1&#038;playsinline=0&#038;autohide=2&#038;theme=light&#038;color=red&#038;controls=1&#038;disablekb=0&#038;\" class=\"__youtube_prefs__  epyt-is-override  no-lazyload\" title=\"YouTube player\"  allow=\"fullscreen; accelerometer; autoplay; clipboard-write; encrypted-media; gyroscope; picture-in-picture; web-share\" referrerpolicy=\"strict-origin-when-cross-origin\" allowfullscreen data-no-lazy=\"1\" data-skipgform_ajax_framebjll=\"\"><\/iframe><\/p>\n<ul>\n<li><a title=\"Cu\u00f1a radio RRUE - comienzo\" href=\"http:\/\/www.posicuarta.org\/mp3\/Cunia01_RRUE_Comienzo.mp3\" target=\"_blank\">Cu\u00f1a radiof\u00f3nica (comienzo) 30&#8242;<\/a><\/li>\n<li><a title=\"Cu\u00f1a radio RRUE - pensionista\" href=\"http:\/\/www.posicuarta.org\/mp3\/Cunia02_RRUE_Pensionista.mp3\" target=\"_blank\">Cu\u00f1a radiof\u00f3nica (pensionista) 28&#8242;<\/a><\/li>\n<li><a title=\"Cu\u00f1a radio RRUE - estudiante\" href=\"http:\/\/www.posicuarta.org\/mp3\/Cunia03_RRUE_Estudiante.mp3\" target=\"_blank\">Cu\u00f1a radiof\u00f3nica (estudiante) 39&#8242;<\/a><\/li>\n<\/ul>\n","protected":false},"excerpt":{"rendered":"<p>Declaraci\u00f3n de la coalici\u00f3n RRUE tras la celebraci\u00f3n de las elecciones europeas del 25 de mayo\u00a0 &#8211; Para impresi\u00f3n formato PDF &#8211; 82 Kb. Declaraci\u00f3n del Secretariado del POSI tras la celebraci\u00f3n de las elecciones europeas del 25 de mayo La coalici\u00f3n \u00abPor la Rep\u00fablica, por la ruptura con la Uni\u00f3n Europea\u00bb (RRUE) presenta su [&hellip;]<\/p>\n","protected":false},"author":1,"featured_media":1080,"parent":0,"menu_order":0,"comment_status":"open","ping_status":"open","template":"page-templates\/full-width.php","meta":{"ngg_post_thumbnail":0,"footnotes":""},"class_list":["post-1076","page","type-page","status-publish","has-post-thumbnail","hentry"],"aioseo_notices":[],"_links":{"self":[{"href":"http:\/\/posicuarta.org\/cartasblog\/wp-json\/wp\/v2\/pages\/1076","targetHints":{"allow":["GET"]}}],"collection":[{"href":"http:\/\/posicuarta.org\/cartasblog\/wp-json\/wp\/v2\/pages"}],"about":[{"href":"http:\/\/posicuarta.org\/cartasblog\/wp-json\/wp\/v2\/types\/page"}],"author":[{"embeddable":true,"href":"http:\/\/posicuarta.org\/cartasblog\/wp-json\/wp\/v2\/users\/1"}],"replies":[{"embeddable":true,"href":"http:\/\/posicuarta.org\/cartasblog\/wp-json\/wp\/v2\/comments?post=1076"}],"version-history":[{"count":33,"href":"http:\/\/posicuarta.org\/cartasblog\/wp-json\/wp\/v2\/pages\/1076\/revisions"}],"predecessor-version":[{"id":1171,"href":"http:\/\/posicuarta.org\/cartasblog\/wp-json\/wp\/v2\/pages\/1076\/revisions\/1171"}],"wp:featuredmedia":[{"embeddable":true,"href":"http:\/\/posicuarta.org\/cartasblog\/wp-json\/wp\/v2\/media\/1080"}],"wp:attachment":[{"href":"http:\/\/posicuarta.org\/cartasblog\/wp-json\/wp\/v2\/media?parent=1076"}],"curies":[{"name":"wp","href":"https:\/\/api.w.org\/{rel}","templated":true}]}}