{"id":1282,"date":"2014-08-17T13:02:20","date_gmt":"2014-08-17T11:02:20","guid":{"rendered":"http:\/\/posicuarta.org\/cartasblog\/?page_id=1282"},"modified":"2025-09-02T10:21:40","modified_gmt":"2025-09-02T08:21:40","slug":"combate-socialista","status":"publish","type":"page","link":"https:\/\/posicuarta.org\/cartasblog\/combate-socialista\/","title":{"rendered":"Combate Socialista"},"content":{"rendered":"<p><a href=\"http:\/\/posicuarta.org\/cartasblog\/wp-content\/uploads\/2014\/08\/CabeceraCombate.png\" target=\"_blank\" rel=\"noopener\"><img loading=\"lazy\" decoding=\"async\" class=\"alignright wp-image-1283\" src=\"http:\/\/posicuarta.org\/cartasblog\/wp-content\/uploads\/2014\/08\/CabeceraCombate.png\" alt=\"CabeceraCombate\" width=\"210\" height=\"72\" srcset=\"https:\/\/posicuarta.org\/cartasblog\/wp-content\/uploads\/2014\/08\/CabeceraCombate.png 528w, https:\/\/posicuarta.org\/cartasblog\/wp-content\/uploads\/2014\/08\/CabeceraCombate-150x52.png 150w, https:\/\/posicuarta.org\/cartasblog\/wp-content\/uploads\/2014\/08\/CabeceraCombate-300x104.png 300w\" sizes=\"auto, (max-width: 210px) 100vw, 210px\" \/><\/a><br \/>\nLa revista <em>Combate Socialista<\/em> es una publicaci\u00f3n del Comit\u00e9 Central del POSI dedicada a la formaci\u00f3n y al debate.<\/p>\n<p>&nbsp;<\/p>\n<p><a href=\"https:\/\/posicuarta.org\/cartasblog\/combate-socialista-11-la-transicion\/\"><img loading=\"lazy\" decoding=\"async\" class=\"alignnone size-medium wp-image-9329\" src=\"http:\/\/posicuarta.org\/cartasblog\/wp-content\/uploads\/2025\/07\/CS-11-e1756797997664-210x300.jpg\" alt=\"\" width=\"210\" height=\"300\" srcset=\"https:\/\/posicuarta.org\/cartasblog\/wp-content\/uploads\/2025\/07\/CS-11-e1756797997664-210x300.jpg 210w, https:\/\/posicuarta.org\/cartasblog\/wp-content\/uploads\/2025\/07\/CS-11-e1756797997664-105x150.jpg 105w, https:\/\/posicuarta.org\/cartasblog\/wp-content\/uploads\/2025\/07\/CS-11-e1756797997664.jpg 419w\" sizes=\"auto, (max-width: 210px) 100vw, 210px\" \/><\/a><a href=\"https:\/\/posicuarta.org\/cartasblog\/combate-socialista-12-historia-del-partido-comunista-de-espana\/\"><img loading=\"lazy\" decoding=\"async\" class=\"alignnone size-medium wp-image-9331\" src=\"http:\/\/posicuarta.org\/cartasblog\/wp-content\/uploads\/2025\/07\/CS-12-e1756798333511-210x300.jpg\" alt=\"\" width=\"210\" height=\"300\" srcset=\"https:\/\/posicuarta.org\/cartasblog\/wp-content\/uploads\/2025\/07\/CS-12-e1756798333511-210x300.jpg 210w, https:\/\/posicuarta.org\/cartasblog\/wp-content\/uploads\/2025\/07\/CS-12-e1756798333511-105x150.jpg 105w, https:\/\/posicuarta.org\/cartasblog\/wp-content\/uploads\/2025\/07\/CS-12-e1756798333511.jpg 419w\" sizes=\"auto, (max-width: 210px) 100vw, 210px\" \/><\/a><\/p>\n<p><a href=\"https:\/\/posicuarta.org\/cartasblog\/combate-socialista-14-frente-unico-obrero-o-unidad-de-los-revolucionarios\/\"><img loading=\"lazy\" decoding=\"async\" class=\"alignnone size-medium wp-image-9152\" src=\"http:\/\/posicuarta.org\/cartasblog\/wp-content\/uploads\/2025\/07\/combate14-e1751901454338-210x300.jpg\" alt=\"\" width=\"210\" height=\"300\" srcset=\"https:\/\/posicuarta.org\/cartasblog\/wp-content\/uploads\/2025\/07\/combate14-e1751901454338-210x300.jpg 210w, https:\/\/posicuarta.org\/cartasblog\/wp-content\/uploads\/2025\/07\/combate14-e1751901454338-105x150.jpg 105w, https:\/\/posicuarta.org\/cartasblog\/wp-content\/uploads\/2025\/07\/combate14-e1751901454338.jpg 419w\" sizes=\"auto, (max-width: 210px) 100vw, 210px\" \/><\/a><a href=\"https:\/\/posicuarta.org\/cartasblog\/cobate-socialista-15-la-cuestion-europea-y-la-posicion-de-los-marxistas-revolucionarios\/\"><img loading=\"lazy\" decoding=\"async\" class=\"alignnone size-medium wp-image-9175\" src=\"http:\/\/posicuarta.org\/cartasblog\/wp-content\/uploads\/2025\/07\/cs15-e1751902637726-210x300.jpg\" alt=\"\" width=\"210\" height=\"300\" srcset=\"https:\/\/posicuarta.org\/cartasblog\/wp-content\/uploads\/2025\/07\/cs15-e1751902637726-210x300.jpg 210w, https:\/\/posicuarta.org\/cartasblog\/wp-content\/uploads\/2025\/07\/cs15-e1751902637726-105x150.jpg 105w, https:\/\/posicuarta.org\/cartasblog\/wp-content\/uploads\/2025\/07\/cs15-e1751902637726.jpg 419w\" sizes=\"auto, (max-width: 210px) 100vw, 210px\" \/><\/a><a href=\"https:\/\/posicuarta.org\/cartasblog\/9180-2\/\"><img loading=\"lazy\" decoding=\"async\" class=\"alignnone size-medium wp-image-9182\" src=\"http:\/\/posicuarta.org\/cartasblog\/wp-content\/uploads\/2025\/07\/cs17-e1751903904406-210x300.jpg\" alt=\"\" width=\"210\" height=\"300\" srcset=\"https:\/\/posicuarta.org\/cartasblog\/wp-content\/uploads\/2025\/07\/cs17-e1751903904406-210x300.jpg 210w, https:\/\/posicuarta.org\/cartasblog\/wp-content\/uploads\/2025\/07\/cs17-e1751903904406-105x150.jpg 105w, https:\/\/posicuarta.org\/cartasblog\/wp-content\/uploads\/2025\/07\/cs17-e1751903904406.jpg 419w\" sizes=\"auto, (max-width: 210px) 100vw, 210px\" \/><\/a><a href=\"https:\/\/posicuarta.org\/cartasblog\/combate-socialista-18-resolucion-del-xix-congreso-del-posi\/\"><img loading=\"lazy\" decoding=\"async\" class=\"alignnone size-medium wp-image-9215\" src=\"http:\/\/posicuarta.org\/cartasblog\/wp-content\/uploads\/2025\/07\/cs18-e1751920801482-210x300.jpg\" alt=\"\" width=\"210\" height=\"300\" srcset=\"https:\/\/posicuarta.org\/cartasblog\/wp-content\/uploads\/2025\/07\/cs18-e1751920801482-210x300.jpg 210w, https:\/\/posicuarta.org\/cartasblog\/wp-content\/uploads\/2025\/07\/cs18-e1751920801482-105x150.jpg 105w, https:\/\/posicuarta.org\/cartasblog\/wp-content\/uploads\/2025\/07\/cs18-e1751920801482.jpg 419w\" sizes=\"auto, (max-width: 210px) 100vw, 210px\" \/><\/a><a href=\"https:\/\/posicuarta.org\/cartasblog\/combate-socialista-19-asturias-octubre-1934\/\"><img loading=\"lazy\" decoding=\"async\" class=\"alignnone size-medium wp-image-9222\" src=\"http:\/\/posicuarta.org\/cartasblog\/wp-content\/uploads\/2025\/07\/cs19-e1751921647720-210x300.jpg\" alt=\"\" width=\"210\" height=\"300\" srcset=\"https:\/\/posicuarta.org\/cartasblog\/wp-content\/uploads\/2025\/07\/cs19-e1751921647720-210x300.jpg 210w, https:\/\/posicuarta.org\/cartasblog\/wp-content\/uploads\/2025\/07\/cs19-e1751921647720-105x150.jpg 105w, https:\/\/posicuarta.org\/cartasblog\/wp-content\/uploads\/2025\/07\/cs19-e1751921647720.jpg 419w\" sizes=\"auto, (max-width: 210px) 100vw, 210px\" \/><\/a><a href=\"https:\/\/posicuarta.org\/cartasblog\/combate-socialista-20-por-la-ruptura-con-el-franquismo-por-la-republica\/\"><img loading=\"lazy\" decoding=\"async\" class=\"alignnone size-medium wp-image-9230\" src=\"http:\/\/posicuarta.org\/cartasblog\/wp-content\/uploads\/2025\/07\/cs20-e1752487049648-210x300.jpg\" alt=\"\" width=\"210\" height=\"300\" srcset=\"https:\/\/posicuarta.org\/cartasblog\/wp-content\/uploads\/2025\/07\/cs20-e1752487049648-210x300.jpg 210w, https:\/\/posicuarta.org\/cartasblog\/wp-content\/uploads\/2025\/07\/cs20-e1752487049648-105x150.jpg 105w, https:\/\/posicuarta.org\/cartasblog\/wp-content\/uploads\/2025\/07\/cs20-e1752487049648.jpg 419w\" sizes=\"auto, (max-width: 210px) 100vw, 210px\" \/><\/a><a href=\"https:\/\/posicuarta.org\/cartasblog\/combate-socialista-21-la-clase-obrera-y-la-soberania-de-los-pueblos\/\"><img loading=\"lazy\" decoding=\"async\" class=\"alignnone size-medium wp-image-9249\" src=\"http:\/\/posicuarta.org\/cartasblog\/wp-content\/uploads\/2025\/07\/cs21-e1752486987987-210x300.jpg\" alt=\"\" width=\"210\" height=\"300\" srcset=\"https:\/\/posicuarta.org\/cartasblog\/wp-content\/uploads\/2025\/07\/cs21-e1752486987987-210x300.jpg 210w, https:\/\/posicuarta.org\/cartasblog\/wp-content\/uploads\/2025\/07\/cs21-e1752486987987-105x150.jpg 105w, https:\/\/posicuarta.org\/cartasblog\/wp-content\/uploads\/2025\/07\/cs21-e1752486987987.jpg 419w\" sizes=\"auto, (max-width: 210px) 100vw, 210px\" \/><\/a><a href=\"https:\/\/posicuarta.org\/cartasblog\/combate-socialista-22-40-anos-despues-del-golpe-de-pinochet\/\"><img loading=\"lazy\" decoding=\"async\" class=\"alignnone size-medium wp-image-9254\" src=\"http:\/\/posicuarta.org\/cartasblog\/wp-content\/uploads\/2025\/07\/cs22-e1752490223526-210x300.jpg\" alt=\"\" width=\"210\" height=\"300\" srcset=\"https:\/\/posicuarta.org\/cartasblog\/wp-content\/uploads\/2025\/07\/cs22-e1752490223526-210x300.jpg 210w, https:\/\/posicuarta.org\/cartasblog\/wp-content\/uploads\/2025\/07\/cs22-e1752490223526-105x150.jpg 105w, https:\/\/posicuarta.org\/cartasblog\/wp-content\/uploads\/2025\/07\/cs22-e1752490223526.jpg 419w\" sizes=\"auto, (max-width: 210px) 100vw, 210px\" \/><\/a><a href=\"https:\/\/posicuarta.org\/cartasblog\/1914-la-guerra-mundial-en-espana-combate-socialista-23\/\"><img loading=\"lazy\" decoding=\"async\" class=\"alignnone size-medium wp-image-1360\" src=\"http:\/\/posicuarta.org\/cartasblog\/wp-content\/uploads\/2014\/09\/CS-23-209x300.jpg\" alt=\"\" width=\"209\" height=\"300\" srcset=\"https:\/\/posicuarta.org\/cartasblog\/wp-content\/uploads\/2014\/09\/CS-23-209x300.jpg 209w, https:\/\/posicuarta.org\/cartasblog\/wp-content\/uploads\/2014\/09\/CS-23-104x150.jpg 104w, https:\/\/posicuarta.org\/cartasblog\/wp-content\/uploads\/2014\/09\/CS-23.jpg 419w\" sizes=\"auto, (max-width: 209px) 100vw, 209px\" \/><\/a><a href=\"https:\/\/posicuarta.org\/cartasblog\/combate-socialista-24-la-clase-obrera-ante-la-cuestion-nacional\/\"><img loading=\"lazy\" decoding=\"async\" class=\"alignnone size-medium wp-image-9255\" src=\"http:\/\/posicuarta.org\/cartasblog\/wp-content\/uploads\/2025\/07\/cd24-e1752490263407-210x300.jpg\" alt=\"\" width=\"210\" height=\"300\" srcset=\"https:\/\/posicuarta.org\/cartasblog\/wp-content\/uploads\/2025\/07\/cd24-e1752490263407-210x300.jpg 210w, https:\/\/posicuarta.org\/cartasblog\/wp-content\/uploads\/2025\/07\/cd24-e1752490263407-105x150.jpg 105w, https:\/\/posicuarta.org\/cartasblog\/wp-content\/uploads\/2025\/07\/cd24-e1752490263407.jpg 419w\" sizes=\"auto, (max-width: 210px) 100vw, 210px\" \/><\/a><a href=\"https:\/\/posicuarta.org\/cartasblog\/combate-socialista-25-materiales-para-el-debate\/\"><img loading=\"lazy\" decoding=\"async\" class=\"alignnone size-medium wp-image-9256\" src=\"http:\/\/posicuarta.org\/cartasblog\/wp-content\/uploads\/2025\/07\/cs25-e1752490299490-210x300.jpg\" alt=\"\" width=\"210\" height=\"300\" srcset=\"https:\/\/posicuarta.org\/cartasblog\/wp-content\/uploads\/2025\/07\/cs25-e1752490299490-210x300.jpg 210w, https:\/\/posicuarta.org\/cartasblog\/wp-content\/uploads\/2025\/07\/cs25-e1752490299490-105x150.jpg 105w, https:\/\/posicuarta.org\/cartasblog\/wp-content\/uploads\/2025\/07\/cs25-e1752490299490.jpg 419w\" sizes=\"auto, (max-width: 210px) 100vw, 210px\" \/><\/a><a href=\"https:\/\/posicuarta.org\/cartasblog\/combate-socialista-26-80-aniversario-1936-2016\/\"><img loading=\"lazy\" decoding=\"async\" class=\"alignnone size-medium wp-image-9333\" src=\"http:\/\/posicuarta.org\/cartasblog\/wp-content\/uploads\/2025\/07\/CS-26-e1756799061795-210x300.jpg\" alt=\"\" width=\"210\" height=\"300\" srcset=\"https:\/\/posicuarta.org\/cartasblog\/wp-content\/uploads\/2025\/07\/CS-26-e1756799061795-210x300.jpg 210w, https:\/\/posicuarta.org\/cartasblog\/wp-content\/uploads\/2025\/07\/CS-26-e1756799061795-105x150.jpg 105w, https:\/\/posicuarta.org\/cartasblog\/wp-content\/uploads\/2025\/07\/CS-26-e1756799061795.jpg 419w\" sizes=\"auto, (max-width: 210px) 100vw, 210px\" \/><\/a><a href=\"https:\/\/posicuarta.org\/cartasblog\/combate-socialista-27-diez-meses-de-revolucion-y-contrarevolucion\/\"><img loading=\"lazy\" decoding=\"async\" class=\"alignnone size-medium wp-image-9335\" src=\"http:\/\/posicuarta.org\/cartasblog\/wp-content\/uploads\/2025\/07\/CS-27-e1756799442416-210x300.jpg\" alt=\"\" width=\"210\" height=\"300\" srcset=\"https:\/\/posicuarta.org\/cartasblog\/wp-content\/uploads\/2025\/07\/CS-27-e1756799442416-210x300.jpg 210w, https:\/\/posicuarta.org\/cartasblog\/wp-content\/uploads\/2025\/07\/CS-27-e1756799442416-105x150.jpg 105w, https:\/\/posicuarta.org\/cartasblog\/wp-content\/uploads\/2025\/07\/CS-27-e1756799442416.jpg 419w\" sizes=\"auto, (max-width: 210px) 100vw, 210px\" \/><\/a><a href=\"https:\/\/posicuarta.org\/cartasblog\/combate-socialista-28-la-revolucion-portuguesa\/\"><img loading=\"lazy\" decoding=\"async\" class=\"alignnone size-medium wp-image-9337\" src=\"http:\/\/posicuarta.org\/cartasblog\/wp-content\/uploads\/2025\/07\/CS-28-210x300.jpg\" alt=\"\" width=\"210\" height=\"300\" srcset=\"https:\/\/posicuarta.org\/cartasblog\/wp-content\/uploads\/2025\/07\/CS-28-210x300.jpg 210w, https:\/\/posicuarta.org\/cartasblog\/wp-content\/uploads\/2025\/07\/CS-28-105x150.jpg 105w, https:\/\/posicuarta.org\/cartasblog\/wp-content\/uploads\/2025\/07\/CS-28.jpg 419w\" sizes=\"auto, (max-width: 210px) 100vw, 210px\" \/><\/a><a href=\"https:\/\/posicuarta.org\/cartasblog\/combate-socialista-29-lucha-contra-la-guerra-y-combate-contra-la-guerra-social\/\"><img loading=\"lazy\" decoding=\"async\" class=\"alignnone size-medium wp-image-9339\" src=\"http:\/\/posicuarta.org\/cartasblog\/wp-content\/uploads\/2025\/07\/CS-29-e1756800452514-210x300.jpg\" alt=\"\" width=\"210\" height=\"300\" srcset=\"https:\/\/posicuarta.org\/cartasblog\/wp-content\/uploads\/2025\/07\/CS-29-e1756800452514-210x300.jpg 210w, https:\/\/posicuarta.org\/cartasblog\/wp-content\/uploads\/2025\/07\/CS-29-e1756800452514-105x150.jpg 105w, https:\/\/posicuarta.org\/cartasblog\/wp-content\/uploads\/2025\/07\/CS-29-e1756800452514.jpg 419w\" sizes=\"auto, (max-width: 210px) 100vw, 210px\" \/><\/a><\/p>\n","protected":false},"excerpt":{"rendered":"<p>La revista Combate Socialista es una publicaci\u00f3n del Comit\u00e9 Central del POSI dedicada a la formaci\u00f3n y al debate. &nbsp;<\/p>\n","protected":false},"author":1,"featured_media":0,"parent":0,"menu_order":0,"comment_status":"open","ping_status":"open","template":"page-templates\/full-width.php","meta":{"ngg_post_thumbnail":0,"footnotes":""},"class_list":["post-1282","page","type-page","status-publish","hentry"],"aioseo_notices":[],"_links":{"self":[{"href":"https:\/\/posicuarta.org\/cartasblog\/wp-json\/wp\/v2\/pages\/1282","targetHints":{"allow":["GET"]}}],"collection":[{"href":"https:\/\/posicuarta.org\/cartasblog\/wp-json\/wp\/v2\/pages"}],"about":[{"href":"https:\/\/posicuarta.org\/cartasblog\/wp-json\/wp\/v2\/types\/page"}],"author":[{"embeddable":true,"href":"https:\/\/posicuarta.org\/cartasblog\/wp-json\/wp\/v2\/users\/1"}],"replies":[{"embeddable":true,"href":"https:\/\/posicuarta.org\/cartasblog\/wp-json\/wp\/v2\/comments?post=1282"}],"version-history":[{"count":32,"href":"https:\/\/posicuarta.org\/cartasblog\/wp-json\/wp\/v2\/pages\/1282\/revisions"}],"predecessor-version":[{"id":9425,"href":"https:\/\/posicuarta.org\/cartasblog\/wp-json\/wp\/v2\/pages\/1282\/revisions\/9425"}],"wp:attachment":[{"href":"https:\/\/posicuarta.org\/cartasblog\/wp-json\/wp\/v2\/media?parent=1282"}],"curies":[{"name":"wp","href":"https:\/\/api.w.org\/{rel}","templated":true}]}}